{"id":6,"date":"2024-11-22T20:34:18","date_gmt":"2024-11-22T20:34:18","guid":{"rendered":"https:\/\/radioloja977.com\/?page_id=6"},"modified":"2024-11-22T20:34:18","modified_gmt":"2024-11-22T20:34:18","slug":"quienes-somos","status":"publish","type":"page","link":"https:\/\/radioloja977.com\/?page_id=6","title":{"rendered":"Qui\u00e9nes Somos"},"content":{"rendered":"\n<p><strong><em>Un 26 de Noviembre de 1982<\/em><\/strong>, sali\u00f3 al aire la primera estaci\u00f3n radial lojana en frecuencia modulada y sonido estereof\u00f3nico de alta fidelidad, bajo el nombre de \u00abSTUDIO 97.9 FM STEREO, El Sonido de la Ciudad\u00bb. En Loja se inauguraba un nuevo concepto de hacer radio, no s\u00f3lo desde la tecnolog\u00eda de \u00faltima generaci\u00f3n, sino tambi\u00e9n desde una filosof\u00eda diferente, de profundo contenido antropol\u00f3gico, social, educativo, cultural y ciudadano.<\/p>\n\n\n\n<p>Gracias a la iniciativa de Eduardo Ruiz, destacado artista lojano que tiene como carta de presentaci\u00f3n una amplia trayectoria art\u00edstica exhibida en diversos escenarios internacionales, nace lo que, actualmente, es Radio Loja 97.7 FM, con el objeto de aportar y consolidar la cultura lojana y contribuir a redimir a la provincia de Loja del aislamiento y del atraso con relaci\u00f3n a los llamados polos de desarrollo nacional. Por entonces, muy pocos diarios llegaban a Loja y los que lo hac\u00edan llegaban con retraso. En este contexto, la radio se convirti\u00f3 en medio para reivindicar las aspiraciones de la gente, en una compa\u00f1\u00eda para el trabajo y un medio para el contacto con familiares que se encontraban lejos.<\/p>\n\n\n\n<p>El 26 de noviembre se recuerda el aniversario del d\u00eda en que su mentor inici\u00f3 las transmisiones por primera vez desde el barrio Chorrillos de la ciudad de Loja, un hecho de trascendencia que lo convierte en pionero de las radios en frecuencia modulada en esta regi\u00f3n de la Patria. Radio Loja 97.7 FM; con una cobertura provincial, es un medio de comunicaci\u00f3n colectiva con un enfoque editorial, de opini\u00f3n orientadora, sobre un amplio espectro de temas que van desde la pol\u00edtica, pasando por la vida cultural y, claro, la m\u00fasica en todas sus manifestaciones.<\/p>\n\n\n\n<p>El eslogan de \u201cLa radio es m\u00fasica..es cultura de Loja\u201d, al t\u00e9rmino de m\u00e1s de un cuarto de siglo de existencia cobra m\u00e1s vigencia que nunca, por haberse caracterizado por ser un medio de comunicaci\u00f3n que de manera desinteresada ha apoyado las causas culturales de Loja y del pa\u00eds, sin consideraciones de ideolog\u00eda pol\u00edtica, credo o posici\u00f3n social.<\/p>\n\n\n\n<p>Radio Loja a lo largo de su trayectoria de servicio se ha caracterizado por haber estructurado una programaci\u00f3n orientada a satisfacer todos los gustos de su amplia audiencia. En el aspecto eminentemente period\u00edstico cuenta con dos espacios informativos, que gracias al prestigio y credibilidad que han sabido ganarse son &nbsp;referentes de informaci\u00f3n objetiva y orientadores de la opini\u00f3n p\u00fablica.<\/p>\n\n\n\n<p>A pesar del avance de la tecnolog\u00eda en el campo de la comunicaci\u00f3n y de la inform\u00e1tica, el rol que juega la radio en la sociedad en insustituible y creemos que a\u00fan tiene mucho que dar, que su mejor momento a\u00fan est\u00e1 por venir, porque la magia de la radio es \u00fanica.<\/p>\n\n\n\n<p>Este 26 de Noviembre del 2012, celebramos 30 a\u00f1os de educaci\u00f3n permanente a ni\u00f1os, j\u00f3venes y adultos desde esta eficiente c\u00e1tedra de la ciudad.<\/p>\n\n\n\n<p>Eduardo Ruiz es un artista de las artes del lenguaje y de la m\u00fasica, un visionario que institucionaliz\u00f3 un nuevo paradigma de hacer radio en Loja, junto con su personal administrativo, period\u00edstico, &nbsp;viene planificando de manera muy detallada su programaci\u00f3n, bajo el control, supervisi\u00f3n y evaluaci\u00f3n semanal de sus contenidos, cuyo prop\u00f3sito fundamental es cumplir con nuestra pol\u00edtica institucional. Orientar, Educar, Informar y entretener a la comunidad con eficiencia, eficacia, objetividad, imparcialidad, independencia y \u00e9tica profesional con responsabilidad social.<\/p>\n","protected":false},"excerpt":{"rendered":"<p>Un 26 de Noviembre de 1982, sali\u00f3 al aire la primera estaci\u00f3n radial lojana en frecuencia modulada y sonido estereof\u00f3nico de alta fidelidad, bajo el nombre de \u00abSTUDIO 97.9 FM STEREO, El Sonido de la Ciudad\u00bb. En Loja se inauguraba un nuevo concepto de hacer radio, no s\u00f3lo desde la tecnolog\u00eda de \u00faltima generaci\u00f3n, sino [&hellip;]<\/p>\n","protected":false},"author":1,"featured_media":0,"parent":0,"menu_order":0,"comment_status":"closed","ping_status":"closed","template":"","meta":{"footnotes":""},"class_list":["post-6","page","type-page","status-publish","hentry"],"_links":{"self":[{"href":"https:\/\/radioloja977.com\/index.php?rest_route=\/wp\/v2\/pages\/6","targetHints":{"allow":["GET"]}}],"collection":[{"href":"https:\/\/radioloja977.com\/index.php?rest_route=\/wp\/v2\/pages"}],"about":[{"href":"https:\/\/radioloja977.com\/index.php?rest_route=\/wp\/v2\/types\/page"}],"author":[{"embeddable":true,"href":"https:\/\/radioloja977.com\/index.php?rest_route=\/wp\/v2\/users\/1"}],"replies":[{"embeddable":true,"href":"https:\/\/radioloja977.com\/index.php?rest_route=%2Fwp%2Fv2%2Fcomments&post=6"}],"version-history":[{"count":1,"href":"https:\/\/radioloja977.com\/index.php?rest_route=\/wp\/v2\/pages\/6\/revisions"}],"predecessor-version":[{"id":9,"href":"https:\/\/radioloja977.com\/index.php?rest_route=\/wp\/v2\/pages\/6\/revisions\/9"}],"wp:attachment":[{"href":"https:\/\/radioloja977.com\/index.php?rest_route=%2Fwp%2Fv2%2Fmedia&parent=6"}],"curies":[{"name":"wp","href":"https:\/\/api.w.org\/{rel}","templated":true}]}}